{"id":5165,"date":"2024-10-23T09:32:56","date_gmt":"2024-10-23T09:32:56","guid":{"rendered":"https:\/\/www.skellefteasciencecity.se\/faktureringsinformation\/"},"modified":"2026-04-08T07:21:52","modified_gmt":"2026-04-08T07:21:52","slug":"billing-information","status":"publish","type":"page","link":"https:\/\/www.skellefteasciencecity.se\/en\/billing-information\/","title":{"rendered":"Billing information"},"content":{"rendered":"<section data-block=\"inline-content-or-fact-box\" class=\"pt-10 md:pt-16 lg:pt-24 pb-10 md:pb-16 lg:pb-24 theme-\">\n    <div class=\"wrapper content-grid\">\n                        <div class=\"wysiwyg-content col-span-full md:col-span-8 lg:col-span-5 lg:col-start-3\">\n                    <h2>Billing information<\/h2>\n<p>Skellefte\u00e5 Science City: company registration number 559006-5826<br data-start=\"90\" data-end=\"93\" \/>\u201cFack 6330\u201d must be stated in the address field on all invoices.<\/p>\n\n                <\/div>\n                        <\/div>\n<\/section>\n\n<section data-block=\"inline-content-or-fact-box\" class=\" pb-10 md:pb-16 lg:pb-24 theme-green-light\">\n    <div class=\"wrapper content-grid\">\n                    <div class=\"fact-box inner-grid-wrapper rounded-2xl pb-12 bg-green-light text-black\">\n                                    <p class=\"label pt-8 px-6 pb-1.5 border-b border-black\">Billing options<\/p>\n                                        <div class=\"wysiwyg-content pt-12 px-6 xl:px-30\">\n                    <p data-start=\"19\" data-end=\"90\">Please address invoices to us using one of the following three options:<\/p>\n<p data-start=\"92\" data-end=\"421\"><strong data-start=\"92\" data-end=\"108\">1. E-invoice<\/strong><br data-start=\"108\" data-end=\"111\" \/>If you are already able to send electronic invoices such as Svefaktura or via Peppol, please contact your e-invoice service provider (VAN operator) and ask them to set it up according to the details below:<br data-start=\"316\" data-end=\"319\" \/>Our electronic identifier (GLN) for e-invoices is: 7365590065826<br data-start=\"383\" data-end=\"386\" \/>VAN operator: Scancloud AB (Addett)<\/p>\n<p data-start=\"423\" data-end=\"657\"><strong data-start=\"423\" data-end=\"451\">2. PDF invoice via email<\/strong><br data-start=\"451\" data-end=\"454\" \/>If your system allows you to generate invoices as PDF files, please send them to the email address below.<br data-start=\"559\" data-end=\"562\" \/><strong data-start=\"562\" data-end=\"571\">Note:<\/strong> One invoice per PDF file.<br data-start=\"597\" data-end=\"600\" \/>PDF invoices should be sent to: <a class=\"decorated-link cursor-pointer\" rel=\"noopener\" data-start=\"632\" data-end=\"657\">6330@faktura.scancloud.se<\/a><\/p>\n<p data-start=\"659\" data-end=\"833\"><strong data-start=\"659\" data-end=\"679\">3. Paper invoice<\/strong><br data-start=\"679\" data-end=\"682\" \/>As a last resort, we accept paper invoices. If you are unable to switch to e-invoices or emailed PDFs, please send invoices to the following address:<\/p>\n<p data-start=\"835\" data-end=\"903\" data-is-last-node=\"\" data-is-only-node=\"\">Skellefte\u00e5 Science City AB<br data-start=\"861\" data-end=\"864\" \/>Fack 6330<br data-start=\"873\" data-end=\"876\" \/>Box 3037<br data-start=\"884\" data-end=\"887\" \/>831 03 \u00d6stersund<\/p>\n\n                <\/div>\n                                <\/div>\n            <\/div>\n<\/section>\n\n<section data-block=\"inline-content-or-fact-box\" class=\" pb-10 md:pb-16 lg:pb-24 theme-black\">\n    <div class=\"wrapper content-grid\">\n                    <div class=\"fact-box inner-grid-wrapper rounded-2xl pb-12 bg-black text-white\">\n                                    <p class=\"label pt-8 px-6 pb-1.5 border-b border-white\">Terms<\/p>\n                                        <div class=\"wysiwyg-content pt-12 px-6 xl:px-30\">\n                    <p data-start=\"30\" data-end=\"378\">Payment terms are 30 days from the invoice date. If there is an agreement with payment terms that deviate from this, those contractual terms shall take precedence. Order fees, invoicing fees, handling fees, or other charges imposed by the supplier or a third party are not accepted. Exceptions to the Swedish Interest Act are also not accepted.<\/p>\n<p data-start=\"380\" data-end=\"638\"><strong data-start=\"380\" data-end=\"405\">How do I get started?<\/strong><br data-start=\"405\" data-end=\"408\" \/>If you need assistance or have questions regarding electronic invoicing, or if you are unable to send invoices according to any of the options above, please contact our partner Scancloud AB via email at <a class=\"decorated-link cursor-pointer\" rel=\"noopener\" data-start=\"611\" data-end=\"637\">edi-relations@scancloud.se<\/a>.<\/p>\n<p data-start=\"640\" data-end=\"766\">Technical questions should be directed to Scancloud Support by phone at +46 8 23 23 18 or by email at <a class=\"decorated-link cursor-pointer\" rel=\"noopener\" data-start=\"742\" data-end=\"765\">edisupport@scancloud.se<\/a>.<\/p>\n<p data-start=\"768\" data-end=\"913\" data-is-last-node=\"\" data-is-only-node=\"\">For any other questions or inquiries, please feel free to contact:<br data-start=\"834\" data-end=\"837\" \/>Josefin Lundberg, Skellefte\u00e5 Science City<br data-start=\"878\" data-end=\"881\" \/><a class=\"decorated-link cursor-pointer\" rel=\"noopener\" data-start=\"881\" data-end=\"913\" data-is-last-node=\"\">josefin@skellefteasciencecity.se<\/a><\/p>\n\n                <\/div>\n                                <\/div>\n            <\/div>\n<\/section>","protected":false},"excerpt":{"rendered":"","protected":false},"author":3,"featured_media":0,"parent":0,"menu_order":0,"comment_status":"closed","ping_status":"closed","template":"","meta":{"_acf_changed":false,"footnotes":""},"class_list":["post-5165","page","type-page","status-publish","hentry"],"acf":[],"yoast_head":"<!-- This site is optimized with the Yoast SEO plugin v27.5 - https:\/\/yoast.com\/product\/yoast-seo-wordpress\/ -->\n<title>Faktureringsinformation | Skellefte\u00e5 Science City<\/title>\n<meta name=\"description\" content=\"H\u00e4r samlar vi faktureringsuppgifter och praktisk information f\u00f6r dig som samarbetar med Skellefte\u00e5 Science City.\" \/>\n<meta name=\"robots\" content=\"index, follow, max-snippet:-1, max-image-preview:large, max-video-preview:-1\" \/>\n<link rel=\"canonical\" href=\"https:\/\/www.skellefteasciencecity.se\/en\/billing-information\/\" \/>\n<meta property=\"og:locale\" content=\"en_US\" \/>\n<meta property=\"og:type\" content=\"article\" \/>\n<meta property=\"og:title\" content=\"Faktureringsinformation | Skellefte\u00e5 Science City\" \/>\n<meta property=\"og:description\" content=\"H\u00e4r samlar vi faktureringsuppgifter och praktisk information f\u00f6r dig som samarbetar med Skellefte\u00e5 Science City.\" \/>\n<meta property=\"og:url\" content=\"https:\/\/www.skellefteasciencecity.se\/en\/billing-information\/\" \/>\n<meta property=\"og:site_name\" content=\"Skellefte\u00e5 Science City\" \/>\n<meta property=\"article:modified_time\" content=\"2026-04-08T07:21:52+00:00\" \/>\n<meta property=\"og:image\" content=\"https:\/\/www.skellefteasciencecity.se\/wp-content\/uploads\/2024\/09\/ssc_OG.jpg\" \/>\n\t<meta property=\"og:image:width\" content=\"1201\" \/>\n\t<meta property=\"og:image:height\" content=\"631\" \/>\n\t<meta property=\"og:image:type\" content=\"image\/jpeg\" \/>\n<meta name=\"twitter:card\" content=\"summary_large_image\" \/>\n<script type=\"application\/ld+json\" class=\"yoast-schema-graph\">{\"@context\":\"https:\\\/\\\/schema.org\",\"@graph\":[{\"@type\":\"WebPage\",\"@id\":\"https:\\\/\\\/www.skellefteasciencecity.se\\\/en\\\/billing-information\\\/\",\"url\":\"https:\\\/\\\/www.skellefteasciencecity.se\\\/en\\\/billing-information\\\/\",\"name\":\"Faktureringsinformation | Skellefte\u00e5 Science City\",\"isPartOf\":{\"@id\":\"https:\\\/\\\/www.skellefteasciencecity.se\\\/en\\\/#website\"},\"datePublished\":\"2024-10-23T09:32:56+00:00\",\"dateModified\":\"2026-04-08T07:21:52+00:00\",\"description\":\"H\u00e4r samlar vi faktureringsuppgifter och praktisk information f\u00f6r dig som samarbetar med Skellefte\u00e5 Science City.\",\"breadcrumb\":{\"@id\":\"https:\\\/\\\/www.skellefteasciencecity.se\\\/en\\\/billing-information\\\/#breadcrumb\"},\"inLanguage\":\"en-US\",\"potentialAction\":[{\"@type\":\"ReadAction\",\"target\":[\"https:\\\/\\\/www.skellefteasciencecity.se\\\/en\\\/billing-information\\\/\"]}]},{\"@type\":\"BreadcrumbList\",\"@id\":\"https:\\\/\\\/www.skellefteasciencecity.se\\\/en\\\/billing-information\\\/#breadcrumb\",\"itemListElement\":[{\"@type\":\"ListItem\",\"position\":1,\"name\":\"Home\",\"item\":\"https:\\\/\\\/www.skellefteasciencecity.se\\\/en\\\/\"},{\"@type\":\"ListItem\",\"position\":2,\"name\":\"Billing information\"}]},{\"@type\":\"WebSite\",\"@id\":\"https:\\\/\\\/www.skellefteasciencecity.se\\\/en\\\/#website\",\"url\":\"https:\\\/\\\/www.skellefteasciencecity.se\\\/en\\\/\",\"name\":\"Skellefte\u00e5 Science City\",\"description\":\"We accelerate innovation\",\"potentialAction\":[{\"@type\":\"SearchAction\",\"target\":{\"@type\":\"EntryPoint\",\"urlTemplate\":\"https:\\\/\\\/www.skellefteasciencecity.se\\\/en\\\/?s={search_term_string}\"},\"query-input\":{\"@type\":\"PropertyValueSpecification\",\"valueRequired\":true,\"valueName\":\"search_term_string\"}}],\"inLanguage\":\"en-US\"}]}<\/script>\n<!-- \/ Yoast SEO plugin. -->","yoast_head_json":{"title":"Faktureringsinformation | Skellefte\u00e5 Science City","description":"H\u00e4r samlar vi faktureringsuppgifter och praktisk information f\u00f6r dig som samarbetar med Skellefte\u00e5 Science City.","robots":{"index":"index","follow":"follow","max-snippet":"max-snippet:-1","max-image-preview":"max-image-preview:large","max-video-preview":"max-video-preview:-1"},"canonical":"https:\/\/www.skellefteasciencecity.se\/en\/billing-information\/","og_locale":"en_US","og_type":"article","og_title":"Faktureringsinformation | Skellefte\u00e5 Science City","og_description":"H\u00e4r samlar vi faktureringsuppgifter och praktisk information f\u00f6r dig som samarbetar med Skellefte\u00e5 Science City.","og_url":"https:\/\/www.skellefteasciencecity.se\/en\/billing-information\/","og_site_name":"Skellefte\u00e5 Science City","article_modified_time":"2026-04-08T07:21:52+00:00","og_image":[{"width":1201,"height":631,"url":"https:\/\/www.skellefteasciencecity.se\/wp-content\/uploads\/2024\/09\/ssc_OG.jpg","type":"image\/jpeg"}],"twitter_card":"summary_large_image","schema":{"@context":"https:\/\/schema.org","@graph":[{"@type":"WebPage","@id":"https:\/\/www.skellefteasciencecity.se\/en\/billing-information\/","url":"https:\/\/www.skellefteasciencecity.se\/en\/billing-information\/","name":"Faktureringsinformation | Skellefte\u00e5 Science City","isPartOf":{"@id":"https:\/\/www.skellefteasciencecity.se\/en\/#website"},"datePublished":"2024-10-23T09:32:56+00:00","dateModified":"2026-04-08T07:21:52+00:00","description":"H\u00e4r samlar vi faktureringsuppgifter och praktisk information f\u00f6r dig som samarbetar med Skellefte\u00e5 Science City.","breadcrumb":{"@id":"https:\/\/www.skellefteasciencecity.se\/en\/billing-information\/#breadcrumb"},"inLanguage":"en-US","potentialAction":[{"@type":"ReadAction","target":["https:\/\/www.skellefteasciencecity.se\/en\/billing-information\/"]}]},{"@type":"BreadcrumbList","@id":"https:\/\/www.skellefteasciencecity.se\/en\/billing-information\/#breadcrumb","itemListElement":[{"@type":"ListItem","position":1,"name":"Home","item":"https:\/\/www.skellefteasciencecity.se\/en\/"},{"@type":"ListItem","position":2,"name":"Billing information"}]},{"@type":"WebSite","@id":"https:\/\/www.skellefteasciencecity.se\/en\/#website","url":"https:\/\/www.skellefteasciencecity.se\/en\/","name":"Skellefte\u00e5 Science City","description":"We accelerate innovation","potentialAction":[{"@type":"SearchAction","target":{"@type":"EntryPoint","urlTemplate":"https:\/\/www.skellefteasciencecity.se\/en\/?s={search_term_string}"},"query-input":{"@type":"PropertyValueSpecification","valueRequired":true,"valueName":"search_term_string"}}],"inLanguage":"en-US"}]}},"_links":{"self":[{"href":"https:\/\/www.skellefteasciencecity.se\/en\/wp-json\/wp\/v2\/pages\/5165","targetHints":{"allow":["GET"]}}],"collection":[{"href":"https:\/\/www.skellefteasciencecity.se\/en\/wp-json\/wp\/v2\/pages"}],"about":[{"href":"https:\/\/www.skellefteasciencecity.se\/en\/wp-json\/wp\/v2\/types\/page"}],"author":[{"embeddable":true,"href":"https:\/\/www.skellefteasciencecity.se\/en\/wp-json\/wp\/v2\/users\/3"}],"replies":[{"embeddable":true,"href":"https:\/\/www.skellefteasciencecity.se\/en\/wp-json\/wp\/v2\/comments?post=5165"}],"version-history":[{"count":1,"href":"https:\/\/www.skellefteasciencecity.se\/en\/wp-json\/wp\/v2\/pages\/5165\/revisions"}],"predecessor-version":[{"id":5167,"href":"https:\/\/www.skellefteasciencecity.se\/en\/wp-json\/wp\/v2\/pages\/5165\/revisions\/5167"}],"wp:attachment":[{"href":"https:\/\/www.skellefteasciencecity.se\/en\/wp-json\/wp\/v2\/media?parent=5165"}],"curies":[{"name":"wp","href":"https:\/\/api.w.org\/{rel}","templated":true}]}}