{"id":3411,"date":"2024-06-20T11:21:57","date_gmt":"2024-06-20T11:21:57","guid":{"rendered":"https:\/\/www.skellefteasciencecity.se\/?page_id=3411"},"modified":"2026-01-26T08:03:46","modified_gmt":"2026-01-26T08:03:46","slug":"about","status":"publish","type":"page","link":"https:\/\/www.skellefteasciencecity.se\/en\/about\/","title":{"rendered":"About us"},"content":{"rendered":"<section data-block=\"page-hero\" class=\"pt-10 md:pt-16 lg:pt-24 pb-10 md:pb-16 lg:pb-24\">\n    <div class=\"wrapper\">\n        <h1 class=\"content-grid heading-lg\">\n            <span class=\"col-span-full\">Skellefte\u00e5<\/span>\n                        <span class=\"col-span-10 col-start-3\">Science City<\/span>\n                    <\/h1>\n        <div class=\"content-grid\">\n                        <div class=\"col-span-10 sm:col-span-6 md:col-span-5 md:col-start-3 mt-10\">\n                                    <p class=\"text-lg leading-[29px]\">As a force for innovation and collaboration, we create the foundation for sustainable growth, where business and society evolve hand in hand. Together, we\u2019re building a place where ideas can flourish and the solutions of tomorrow are already taking shape today.<\/p>\n                \n                            <\/div>\n            \n                        <div class=\"col-span-full sm:col-span-6 md:col-span-5 col-end-13 aspect-[1.5\/1] rounded-2xl overflow-hidden mt-10\">\n                \n                <picture class=\"w-full \"><img loading=\"lazy\" decoding=\"async\" src=\"https:\/\/images.ohmyhosting.se\/0OV8IHBOfxiYJ4_4CvY4FxuaGKU=\/1166x788\/smart\/filters:quality(85)\/https%3A%2F%2Fwww.skellefteasciencecity.se%2Fwp-content%2Fuploads%2F2024%2F09%2Fssc-medarbetare-1166x788-1.jpg\" srcset=\"https:\/\/images.ohmyhosting.se\/0OV8IHBOfxiYJ4_4CvY4FxuaGKU=\/1166x788\/smart\/filters:quality(85)\/https%3A%2F%2Fwww.skellefteasciencecity.se%2Fwp-content%2Fuploads%2F2024%2F09%2Fssc-medarbetare-1166x788-1.jpg 1x, https:\/\/images.ohmyhosting.se\/ssK43xYhsQOxqsXC9WocAYHGgxw=\/2332x1576\/smart\/filters:quality(85)\/https%3A%2F%2Fwww.skellefteasciencecity.se%2Fwp-content%2Fuploads%2F2024%2F09%2Fssc-medarbetare-1166x788-1.jpg 2x\" alt=\"\" class=\"w-full object-cover object-center h-full w-full\" height=\"788\" width=\"1166\" \/><\/picture>\n            <\/div>\n                    <\/div>\n    <\/div>\n<\/section>\n\n<section id=\"key-numbers\" data-block=\"key-numbers\" class=\" pb-10 md:pb-16 lg:pb-24\">\n    <div class=\"wrapper content-grid gap-y-6\">\n        \n                    <div class=\"h-full flex flex-col col-span-full md:col-span-6 xl:col-span-3\">\n                <h2 class=\"pb-2 border-b mb-3 md:mb-6 mt-auto text-sm font-bold border-black uppercase px-3\">Founded<\/h2>\n                <p class=\"text-[25px] leading-normal sm:text-[40px] sm:leading-[56px] xl:text-[58px] xl:leading-[81px] font-secondary break-words font-bold\">2015<\/p>\n            <\/div>\n                    <div class=\"h-full flex flex-col col-span-full md:col-span-6 xl:col-span-3\">\n                <h2 class=\"pb-2 border-b mb-3 md:mb-6 mt-auto text-sm font-bold border-black uppercase px-3\">Turnover MSEK<\/h2>\n                <p class=\"text-[25px] leading-normal sm:text-[40px] sm:leading-[56px] xl:text-[58px] xl:leading-[81px] font-secondary break-words font-bold\">25<\/p>\n            <\/div>\n                    <div class=\"h-full flex flex-col col-span-full md:col-span-6 xl:col-span-3\">\n                <h2 class=\"pb-2 border-b mb-3 md:mb-6 mt-auto text-sm font-bold border-black uppercase px-3\">Employees<\/h2>\n                <p class=\"text-[25px] leading-normal sm:text-[40px] sm:leading-[56px] xl:text-[58px] xl:leading-[81px] font-secondary break-words font-bold\">16<\/p>\n            <\/div>\n                    <div class=\"h-full flex flex-col col-span-full md:col-span-6 xl:col-span-3\">\n                <h2 class=\"pb-2 border-b mb-3 md:mb-6 mt-auto text-sm font-bold border-black uppercase px-3\">Projects<\/h2>\n                <p class=\"text-[25px] leading-normal sm:text-[40px] sm:leading-[56px] xl:text-[58px] xl:leading-[81px] font-secondary break-words font-bold\">+20<\/p>\n            <\/div>\n            <\/div>\n<\/section>\n\n<section data-block=\"inline-content-or-fact-box\" class=\" pb-10 md:pb-16 lg:pb-24 theme-\">\n    <div class=\"wrapper content-grid\">\n                        <div class=\"wysiwyg-content col-span-full md:col-span-8 lg:col-span-5 lg:col-start-3\">\n                    <h3 data-start=\"51\" data-end=\"86\">New Methods Drive New Solutions<\/h3>\n<p data-start=\"87\" data-end=\"583\">To meet the major challenges our society faces, we need to dare to test new methods and invest in bold projects that can deliver real results. In collaboration with academia, industry, and the public sector, we develop platforms, projects, and clusters that position Skellefte\u00e5 as an international leader in energy, mobility, game development and innovation. With broad expertise across local, regional, national, and global markets, we have successfully initiated and implemented groundbreaking projects.<\/p>\n\n                <\/div>\n                            <div class=\"inner-grid-wrapper\">\n                    <a href=\"https:\/\/www.skellefteasciencecity.se\/en\/projekt\/\" target=\"\" class=\"button mt-9 \">\n    <div class=\"button-background\"><\/div>\n    Projects, programs, clusters and testbeds\n    <\/a>                <\/div>\n                        <\/div>\n<\/section>\n\n<section data-block=\"inline-content-or-fact-box\" class=\" pb-10 md:pb-16 lg:pb-24 theme-\">\n    <div class=\"wrapper content-grid\">\n                        <div class=\"wysiwyg-content col-span-full md:col-span-8 lg:col-span-5 lg:col-start-3\">\n                    <h3 data-start=\"585\" data-end=\"597\">About Us<\/h3>\n<p data-start=\"598\" data-end=\"891\">Skellefte\u00e5 Science City is a municipally owned company working to strengthen innovation and business development in Skellefte\u00e5. The organization was founded as part of Skellefte\u00e5 Municipality\u2019s strategy to promote entrepreneurship and innovation, particularly in technology and sustainability.<\/p>\n<p data-start=\"893\" data-end=\"904\"><strong>Funding<br \/>\n<\/strong>Funding comes partly from Skellefte\u00e5 Science City\u2019s owner, Skellefte\u00e5 Municipality, and primarily from project funds that enable various programs and initiatives to support companies, entrepreneurs, sectors, and industries in the region. Initiatives include, for example, the Arctic Game ecosystem and the Arctic Aviation Hub program, as well as other flagship projects focused on sustainability and technological development.<\/p>\n<p data-start=\"1331\" data-end=\"1347\"><strong>Headquarters<br \/>\n<\/strong>Skellefte\u00e5 Science City\u2019s headquarters are located in central Skellefte\u00e5, in newly renovated spaces at Skellefte\u00e5 Innovation Park. The innovation environment at Skellefte\u00e5 Innovation Park is managed by Skellefte\u00e5 Science City and serves as an important meeting place for companies, startups, and investors who want to contribute to the city\u2019s dynamic business community.<\/p>\n<h3 data-start=\"1721\" data-end=\"1753\">Driving the Green Transition<\/h3>\n<p data-start=\"1754\" data-end=\"2150\">As the innovation engine of northern Sweden, we ensure that Skellefte\u00e5 remains at the forefront of the green transition. By leading pioneering projects, we drive growth, increase attractiveness, and foster innovation while actively supporting the shift toward sustainability. We constantly challenge traditional methods to create conditions for a more sustainable and future-oriented development.<\/p>\n<h3 data-start=\"2152\" data-end=\"2175\">System Demonstrator<\/h3>\n<p data-start=\"2176\" data-end=\"2566\">System demonstrators are a type of advanced testing and innovation platform. They provide opportunities to test and validate new solutions in real, yet controlled, environments before they reach the market. They can be either a physical place or a process and include everything from technology and business models to policy barriers and user behavior, all viewed from a system perspective.<\/p>\n<p data-start=\"2568\" data-end=\"2806\">The advantage of system demonstrators is that they accelerate the pace of innovation and improve the chances of successful commercialization. In Skellefte\u00e5, we aim to use the entire city as a system demonstrator for sustainable solutions.<\/p>\n<h3 data-start=\"2808\" data-end=\"2846\">Supporting Your Innovation Journey<\/h3>\n<p data-start=\"2847\" data-end=\"3028\">Do you have solutions that can take us into the future? Then we are here for you! With energy, knowledge, and support from our strong network, we are ready to help you move forward.<\/p>\n\n                <\/div>\n                            <div class=\"inner-grid-wrapper\">\n                    <a href=\"https:\/\/www.skellefteasciencecity.se\/en\/offers\/\" target=\"\" class=\"button mt-9 \">\n    <div class=\"button-background\"><\/div>\n    Our Offers\n    <\/a>                <\/div>\n                        <\/div>\n<\/section>\n\n<section data-block=\"slider-custom-cards\" class=\" pb-10 md:pb-16 lg:pb-24\" style=\"overflow-x: hidden;\">\n    <div class=\"wrapper\">\n                <h2 class=\"heading-md mb-8 \">We are a part of<\/h2>\n        \n                <div class=\"content-grid gap-6\">\n                        <div class=\"col-span-full lg:col-span-4\">\n                    <a href=\"https:\/\/www.sisp.se\/\" class=\"hero-card flex flex-col rounded-2xl sm:w-full h-full transition-all duration-150 hover:scale-105 bg-beige-dusty group w-full\" target=\"_blank\">\n            <div class=\"pt-7 pb-1 px-6 border-b border-black flex justify-between gap-x-6 flex-wrap label\">\n            <p>SISP<\/p>\n        <\/div>\n        <div class=\"py-6 px-5 flex flex-col flex-1\">\n                        <div class=\"flex-1 flex flex-col\">\n                                    <h2 class=\"heading-sm group-hover:underline\">Swedish Incubators &#038; Science Parks<\/h2>\n                                                    <p class=\"mt-4 mb-auto\">Swedish Incubators &#038; Science Parks (SISP) is Sweden\u2019s industry association for incubators and science parks. With over 65 members, SISP supports more than 5,000 companies and promotes innovation and growth through networking and knowledge sharing, strengthening Sweden\u2019s position as a nation of innovation.<\/p>\n                \n                                    <div class=\"card-button mt-8 self-start\">\n                        <div class=\"button-background\"><\/div>\n                        Read more about SISP                                                <svg xmlns=\"http:\/\/www.w3.org\/2000\/svg\" width=\"16\" height=\"16\" viewBox=\"0 0 16 16\" fill=\"none\">\n                            <path d=\"M2.15104 15.6445C1.69271 15.6445 1.30035 15.4813 0.973958 15.1549C0.647569 14.8286 0.484375 14.4362 0.484375 13.9779V2.3112C0.484375 1.85286 0.647569 1.4605 0.973958 1.13411C1.30035 0.807726 1.69271 0.644531 2.15104 0.644531H7.98438V2.3112H2.15104V13.9779H13.8177V8.14453H15.4844V13.9779C15.4844 14.4362 15.3212 14.8286 14.9948 15.1549C14.6684 15.4813 14.276 15.6445 13.8177 15.6445H2.15104ZM6.06771 11.2279L4.90104 10.0612L12.651 2.3112H9.65104V0.644531H15.4844V6.47786H13.8177V3.47786L6.06771 11.2279Z\" fill=\"black\" \/>\n                        <\/svg>\n                                            <\/div>\n                            <\/div>\n        <\/div>\n            <\/a>\n            <\/div>\n                        <div class=\"col-span-full lg:col-span-4\">\n                    <a href=\"https:\/\/www.iasp.ws\/\" class=\"hero-card flex flex-col rounded-2xl sm:w-full h-full transition-all duration-150 hover:scale-105 bg-beige-dusty group w-full\" target=\"_blank\">\n            <div class=\"pt-7 pb-1 px-6 border-b border-black flex justify-between gap-x-6 flex-wrap label\">\n            <p>IASP<\/p>\n        <\/div>\n        <div class=\"py-6 px-5 flex flex-col flex-1\">\n                        <div class=\"flex-1 flex flex-col\">\n                                    <h2 class=\"heading-sm group-hover:underline\">International Association of Science Parks and Areas of Innovation<\/h2>\n                                                    <p class=\"mt-4 mb-auto\">International Association of Science Parks and Areas of Innovation (IASP) is a global network organization that brings together science parks and innovation areas from over 70 countries. IASP supports its members by facilitating the exchange of experiences and knowledge sharing, working to promote regional development and innovation on an international level.<\/p>\n                \n                                    <div class=\"card-button mt-8 self-start\">\n                        <div class=\"button-background\"><\/div>\n                        Read more about IASP                                                <svg xmlns=\"http:\/\/www.w3.org\/2000\/svg\" width=\"16\" height=\"16\" viewBox=\"0 0 16 16\" fill=\"none\">\n                            <path d=\"M2.15104 15.6445C1.69271 15.6445 1.30035 15.4813 0.973958 15.1549C0.647569 14.8286 0.484375 14.4362 0.484375 13.9779V2.3112C0.484375 1.85286 0.647569 1.4605 0.973958 1.13411C1.30035 0.807726 1.69271 0.644531 2.15104 0.644531H7.98438V2.3112H2.15104V13.9779H13.8177V8.14453H15.4844V13.9779C15.4844 14.4362 15.3212 14.8286 14.9948 15.1549C14.6684 15.4813 14.276 15.6445 13.8177 15.6445H2.15104ZM6.06771 11.2279L4.90104 10.0612L12.651 2.3112H9.65104V0.644531H15.4844V6.47786H13.8177V3.47786L6.06771 11.2279Z\" fill=\"black\" \/>\n                        <\/svg>\n                                            <\/div>\n                            <\/div>\n        <\/div>\n            <\/a>\n            <\/div>\n                    <\/div>\n            <\/div>\n<\/section>","protected":false},"excerpt":{"rendered":"","protected":false},"author":3,"featured_media":0,"parent":0,"menu_order":0,"comment_status":"closed","ping_status":"closed","template":"","meta":{"_acf_changed":false,"footnotes":""},"class_list":["post-3411","page","type-page","status-publish","hentry"],"acf":[],"yoast_head":"<!-- This site is optimized with the Yoast SEO plugin v27.6 - https:\/\/yoast.com\/product\/yoast-seo-wordpress\/ -->\n<title>About Skellefte\u00e5 Science City \u2013 we accelerate innovation<\/title>\n<meta name=\"description\" content=\"Skellefte\u00e5 Science City is the municipality\u2019s innovation company. With energy, courage and collaboration, we accelerate innovation.\" \/>\n<meta name=\"robots\" content=\"index, follow, max-snippet:-1, max-image-preview:large, max-video-preview:-1\" \/>\n<link rel=\"canonical\" href=\"https:\/\/www.skellefteasciencecity.se\/en\/about\/\" \/>\n<meta property=\"og:locale\" content=\"en_US\" \/>\n<meta property=\"og:type\" content=\"article\" \/>\n<meta property=\"og:title\" content=\"About Skellefte\u00e5 Science City \u2013 we accelerate innovation\" \/>\n<meta property=\"og:description\" content=\"Skellefte\u00e5 Science City is the municipality\u2019s innovation company. With energy, courage and collaboration, we accelerate innovation.\" \/>\n<meta property=\"og:url\" content=\"https:\/\/www.skellefteasciencecity.se\/en\/about\/\" \/>\n<meta property=\"og:site_name\" content=\"Skellefte\u00e5 Science City\" \/>\n<meta property=\"article:modified_time\" content=\"2026-01-26T08:03:46+00:00\" \/>\n<meta property=\"og:image\" content=\"https:\/\/www.skellefteasciencecity.se\/wp-content\/uploads\/2024\/09\/ssc_OG.jpg\" \/>\n\t<meta property=\"og:image:width\" content=\"1201\" \/>\n\t<meta property=\"og:image:height\" content=\"631\" \/>\n\t<meta property=\"og:image:type\" content=\"image\/jpeg\" \/>\n<meta name=\"twitter:card\" content=\"summary_large_image\" \/>\n<script type=\"application\/ld+json\" class=\"yoast-schema-graph\">{\"@context\":\"https:\\\/\\\/schema.org\",\"@graph\":[{\"@type\":\"WebPage\",\"@id\":\"https:\\\/\\\/www.skellefteasciencecity.se\\\/en\\\/about\\\/\",\"url\":\"https:\\\/\\\/www.skellefteasciencecity.se\\\/en\\\/about\\\/\",\"name\":\"About Skellefte\u00e5 Science City \u2013 we accelerate innovation\",\"isPartOf\":{\"@id\":\"https:\\\/\\\/www.skellefteasciencecity.se\\\/en\\\/#website\"},\"datePublished\":\"2024-06-20T11:21:57+00:00\",\"dateModified\":\"2026-01-26T08:03:46+00:00\",\"description\":\"Skellefte\u00e5 Science City is the municipality\u2019s innovation company. With energy, courage and collaboration, we accelerate innovation.\",\"breadcrumb\":{\"@id\":\"https:\\\/\\\/www.skellefteasciencecity.se\\\/en\\\/about\\\/#breadcrumb\"},\"inLanguage\":\"en-US\",\"potentialAction\":[{\"@type\":\"ReadAction\",\"target\":[\"https:\\\/\\\/www.skellefteasciencecity.se\\\/en\\\/about\\\/\"]}]},{\"@type\":\"BreadcrumbList\",\"@id\":\"https:\\\/\\\/www.skellefteasciencecity.se\\\/en\\\/about\\\/#breadcrumb\",\"itemListElement\":[{\"@type\":\"ListItem\",\"position\":1,\"name\":\"Home\",\"item\":\"https:\\\/\\\/www.skellefteasciencecity.se\\\/en\\\/\"},{\"@type\":\"ListItem\",\"position\":2,\"name\":\"About us\"}]},{\"@type\":\"WebSite\",\"@id\":\"https:\\\/\\\/www.skellefteasciencecity.se\\\/en\\\/#website\",\"url\":\"https:\\\/\\\/www.skellefteasciencecity.se\\\/en\\\/\",\"name\":\"Skellefte\u00e5 Science City\",\"description\":\"We accelerate innovation\",\"potentialAction\":[{\"@type\":\"SearchAction\",\"target\":{\"@type\":\"EntryPoint\",\"urlTemplate\":\"https:\\\/\\\/www.skellefteasciencecity.se\\\/en\\\/?s={search_term_string}\"},\"query-input\":{\"@type\":\"PropertyValueSpecification\",\"valueRequired\":true,\"valueName\":\"search_term_string\"}}],\"inLanguage\":\"en-US\"}]}<\/script>\n<!-- \/ Yoast SEO plugin. -->","yoast_head_json":{"title":"About Skellefte\u00e5 Science City \u2013 we accelerate innovation","description":"Skellefte\u00e5 Science City is the municipality\u2019s innovation company. With energy, courage and collaboration, we accelerate innovation.","robots":{"index":"index","follow":"follow","max-snippet":"max-snippet:-1","max-image-preview":"max-image-preview:large","max-video-preview":"max-video-preview:-1"},"canonical":"https:\/\/www.skellefteasciencecity.se\/en\/about\/","og_locale":"en_US","og_type":"article","og_title":"About Skellefte\u00e5 Science City \u2013 we accelerate innovation","og_description":"Skellefte\u00e5 Science City is the municipality\u2019s innovation company. With energy, courage and collaboration, we accelerate innovation.","og_url":"https:\/\/www.skellefteasciencecity.se\/en\/about\/","og_site_name":"Skellefte\u00e5 Science City","article_modified_time":"2026-01-26T08:03:46+00:00","og_image":[{"width":1201,"height":631,"url":"https:\/\/www.skellefteasciencecity.se\/wp-content\/uploads\/2024\/09\/ssc_OG.jpg","type":"image\/jpeg"}],"twitter_card":"summary_large_image","schema":{"@context":"https:\/\/schema.org","@graph":[{"@type":"WebPage","@id":"https:\/\/www.skellefteasciencecity.se\/en\/about\/","url":"https:\/\/www.skellefteasciencecity.se\/en\/about\/","name":"About Skellefte\u00e5 Science City \u2013 we accelerate innovation","isPartOf":{"@id":"https:\/\/www.skellefteasciencecity.se\/en\/#website"},"datePublished":"2024-06-20T11:21:57+00:00","dateModified":"2026-01-26T08:03:46+00:00","description":"Skellefte\u00e5 Science City is the municipality\u2019s innovation company. With energy, courage and collaboration, we accelerate innovation.","breadcrumb":{"@id":"https:\/\/www.skellefteasciencecity.se\/en\/about\/#breadcrumb"},"inLanguage":"en-US","potentialAction":[{"@type":"ReadAction","target":["https:\/\/www.skellefteasciencecity.se\/en\/about\/"]}]},{"@type":"BreadcrumbList","@id":"https:\/\/www.skellefteasciencecity.se\/en\/about\/#breadcrumb","itemListElement":[{"@type":"ListItem","position":1,"name":"Home","item":"https:\/\/www.skellefteasciencecity.se\/en\/"},{"@type":"ListItem","position":2,"name":"About us"}]},{"@type":"WebSite","@id":"https:\/\/www.skellefteasciencecity.se\/en\/#website","url":"https:\/\/www.skellefteasciencecity.se\/en\/","name":"Skellefte\u00e5 Science City","description":"We accelerate innovation","potentialAction":[{"@type":"SearchAction","target":{"@type":"EntryPoint","urlTemplate":"https:\/\/www.skellefteasciencecity.se\/en\/?s={search_term_string}"},"query-input":{"@type":"PropertyValueSpecification","valueRequired":true,"valueName":"search_term_string"}}],"inLanguage":"en-US"}]}},"_links":{"self":[{"href":"https:\/\/www.skellefteasciencecity.se\/en\/wp-json\/wp\/v2\/pages\/3411","targetHints":{"allow":["GET"]}}],"collection":[{"href":"https:\/\/www.skellefteasciencecity.se\/en\/wp-json\/wp\/v2\/pages"}],"about":[{"href":"https:\/\/www.skellefteasciencecity.se\/en\/wp-json\/wp\/v2\/types\/page"}],"author":[{"embeddable":true,"href":"https:\/\/www.skellefteasciencecity.se\/en\/wp-json\/wp\/v2\/users\/3"}],"replies":[{"embeddable":true,"href":"https:\/\/www.skellefteasciencecity.se\/en\/wp-json\/wp\/v2\/comments?post=3411"}],"version-history":[{"count":7,"href":"https:\/\/www.skellefteasciencecity.se\/en\/wp-json\/wp\/v2\/pages\/3411\/revisions"}],"predecessor-version":[{"id":4130,"href":"https:\/\/www.skellefteasciencecity.se\/en\/wp-json\/wp\/v2\/pages\/3411\/revisions\/4130"}],"wp:attachment":[{"href":"https:\/\/www.skellefteasciencecity.se\/en\/wp-json\/wp\/v2\/media?parent=3411"}],"curies":[{"name":"wp","href":"https:\/\/api.w.org\/{rel}","templated":true}]}}